{"id":5468,"date":"2020-03-15T21:58:51","date_gmt":"2020-03-15T20:58:51","guid":{"rendered":"https:\/\/sunflower.agency\/doris-domi\/"},"modified":"2020-06-05T19:58:38","modified_gmt":"2020-06-05T17:58:38","slug":"doris-domi","status":"publish","type":"page","link":"https:\/\/sunflower.agency\/pl\/digital-drawings\/doris-domi\/","title":{"rendered":"Doris &#038; Domi"},"content":{"rendered":"\t\t<div data-elementor-type=\"wp-page\" data-elementor-id=\"5468\" class=\"elementor elementor-5468\" data-elementor-settings=\"[]\">\n\t\t\t\t\t\t<div class=\"elementor-inner\">\n\t\t\t\t\t\t\t<div class=\"elementor-section-wrap\">\n\t\t\t\t\t\t\t<section class=\"elementor-section elementor-top-section elementor-element elementor-element-4261032b elementor-section-boxed elementor-section-gap-beside-yes elementor-section-height-default elementor-section-height-default elementor-section-content-align-center elementor-section-column-vertical-align-stretch\" data-id=\"4261032b\" data-element_type=\"section\" data-settings=\"{&quot;background_background&quot;:&quot;gradient&quot;}\">\n\t\t\t\t\t\t<div class=\"elementor-container elementor-column-gap-extended\">\n\t\t\t\t\t\t\t<div class=\"elementor-row\">\n\t\t\t\t\t<div class=\"elementor-column elementor-col-50 elementor-top-column elementor-element elementor-element-652a7678\" data-id=\"652a7678\" data-element_type=\"column\">\n\t\t\t<div class=\"elementor-column-wrap elementor-element-populated\">\n\t\t\t\t\t\t\t<div class=\"elementor-widget-wrap\">\n\t\t\t\t\t\t<div class=\"elementor-element elementor-element-1fecc9cf elementor-widget elementor-widget-heading\" data-id=\"1fecc9cf\" data-element_type=\"widget\" data-widget_type=\"heading.default\">\n\t\t\t\t<div class=\"elementor-widget-container\">\n\t\t\t<h1 class=\"elementor-heading-title elementor-size-xxl\"><br>Doris &amp; Domi<br><\/h1>\t\t<\/div>\n\t\t\t\t<\/div>\n\t\t\t\t<div class=\"elementor-element elementor-element-1c7006c elementor-widget elementor-widget-spacer\" data-id=\"1c7006c\" data-element_type=\"widget\" data-widget_type=\"spacer.default\">\n\t\t\t\t<div class=\"elementor-widget-container\">\n\t\t\t\t\t<div class=\"elementor-spacer\">\n\t\t\t<div class=\"elementor-spacer-inner\"><\/div>\n\t\t<\/div>\n\t\t\t\t<\/div>\n\t\t\t\t<\/div>\n\t\t\t\t<div class=\"elementor-element elementor-element-57a2c8b1 elementor-widget elementor-widget-text-editor\" data-id=\"57a2c8b1\" data-element_type=\"widget\" data-widget_type=\"text-editor.default\">\n\t\t\t\t<div class=\"elementor-widget-container\">\n\t\t\t\t\t\t\t\t<div class=\"elementor-text-editor elementor-clearfix\">\n\t\t\t\t<p>Autoportret po\u0142\u0105czony z portretem bratowej. Narysowa\u0142am go na tablecie\u00a0graficznym, w trakcie bardzo\u00a0deszczowego\u00a0dnia. Postacie u\u017cywane s\u0105 jako awatary na kilku stronach i portalach internetowych.<\/p><p>\u00a0<\/p>\t\t\t\t\t<\/div>\n\t\t\t\t\t\t<\/div>\n\t\t\t\t<\/div>\n\t\t\t\t\t\t<\/div>\n\t\t\t\t\t<\/div>\n\t\t<\/div>\n\t\t\t\t<div class=\"elementor-column elementor-col-50 elementor-top-column elementor-element elementor-element-1b29d574\" data-id=\"1b29d574\" data-element_type=\"column\">\n\t\t\t<div class=\"elementor-column-wrap elementor-element-populated\">\n\t\t\t\t\t\t\t<div class=\"elementor-widget-wrap\">\n\t\t\t\t\t\t<div class=\"elementor-element elementor-element-1497d908 elementor-widget elementor-widget-spacer\" data-id=\"1497d908\" data-element_type=\"widget\" data-widget_type=\"spacer.default\">\n\t\t\t\t<div class=\"elementor-widget-container\">\n\t\t\t\t\t<div class=\"elementor-spacer\">\n\t\t\t<div class=\"elementor-spacer-inner\"><\/div>\n\t\t<\/div>\n\t\t\t\t<\/div>\n\t\t\t\t<\/div>\n\t\t\t\t<div class=\"elementor-element elementor-element-3d5e26fb elementor-widget elementor-widget-image\" data-id=\"3d5e26fb\" data-element_type=\"widget\" data-widget_type=\"image.default\">\n\t\t\t\t<div class=\"elementor-widget-container\">\n\t\t\t\t\t\t\t\t<div class=\"elementor-image\">\n\t\t\t\t\t\t\t\t\t\t\t\t<img width=\"1024\" height=\"689\" src=\"https:\/\/sunflower.agency\/wp-content\/uploads\/2020\/04\/domi-doris-on-mockup-2-1024x689.jpg\" class=\"attachment-large size-large\" alt=\"\" loading=\"lazy\" srcset=\"https:\/\/sunflower.agency\/wp-content\/uploads\/2020\/04\/domi-doris-on-mockup-2-1024x689.jpg 1024w, https:\/\/sunflower.agency\/wp-content\/uploads\/2020\/04\/domi-doris-on-mockup-2-300x202.jpg 300w, https:\/\/sunflower.agency\/wp-content\/uploads\/2020\/04\/domi-doris-on-mockup-2-768x517.jpg 768w, https:\/\/sunflower.agency\/wp-content\/uploads\/2020\/04\/domi-doris-on-mockup-2.jpg 1440w\" sizes=\"(max-width: 1024px) 100vw, 1024px\" \/>\t\t\t\t\t\t\t\t\t\t\t\t\t\t<\/div>\n\t\t\t\t\t\t<\/div>\n\t\t\t\t<\/div>\n\t\t\t\t\t\t<\/div>\n\t\t\t\t\t<\/div>\n\t\t<\/div>\n\t\t\t\t\t\t\t\t<\/div>\n\t\t\t\t\t<\/div>\n\t\t<\/section>\n\t\t\t\t<section class=\"elementor-section elementor-top-section elementor-element elementor-element-d3b090e elementor-section-boxed elementor-section-gap-beside-yes elementor-section-height-default elementor-section-height-default elementor-section-column-vertical-align-stretch\" data-id=\"d3b090e\" data-element_type=\"section\">\n\t\t\t\t\t\t<div class=\"elementor-container elementor-column-gap-extended\">\n\t\t\t\t\t\t\t<div class=\"elementor-row\">\n\t\t\t\t\t<div class=\"elementor-column elementor-col-50 elementor-top-column elementor-element elementor-element-6172698\" data-id=\"6172698\" data-element_type=\"column\">\n\t\t\t<div class=\"elementor-column-wrap elementor-element-populated\">\n\t\t\t\t\t\t\t<div class=\"elementor-widget-wrap\">\n\t\t\t\t\t\t<div class=\"elementor-element elementor-element-a92832f elementor-widget elementor-widget-tm-image-layers\" data-id=\"a92832f\" data-element_type=\"widget\" data-widget_type=\"tm-image-layers.default\">\n\t\t\t\t<div class=\"elementor-widget-container\">\n\t\t\t\t\t<div class=\"artboard\">\n\t\t\t<div class=\"layers-wrapper\">\n\t\t\t\t\t\t\t\t\t\t<div class=\"layer elementor-repeater-item-f33b26c\" style=\"z-index: 1\">\n\t\t\t\t\t\t\t<div class=\"layer-content layer-loop loop-move-horizontal\">\n\t\t\t\t\t\t\t\t<img  src=\"https:\/\/sunflower.agency\/wp-content\/uploads\/2020\/04\/Orange-E-2.png\" alt=\"Orange E 2\" \/>\t\t\t\t\t\t\t<\/div>\n\t\t\t\t\t\t<\/div>\n\t\t\t\t\t\t\t\t\t\t\t\t<div class=\"layer elementor-repeater-item-3ba84a6\" style=\"z-index: 2\">\n\t\t\t\t\t\t\t<div class=\"layer-content layer-loop loop-move-vertical\">\n\t\t\t\t\t\t\t\t<img  src=\"https:\/\/sunflower.agency\/wp-content\/uploads\/2020\/04\/Orange-E-4.png\" alt=\"Orange E 4\" \/>\t\t\t\t\t\t\t<\/div>\n\t\t\t\t\t\t<\/div>\n\t\t\t\t\t\t\t\t\t\t\t\t<div class=\"layer elementor-repeater-item-435dfeb static-layer\" style=\"z-index: 3\">\n\t\t\t\t\t\t\t<div class=\"layer-content\">\n\t\t\t\t\t\t\t\t<img  src=\"https:\/\/sunflower.agency\/wp-content\/uploads\/2020\/03\/Domi.png\" alt=\"Domi\" \/>\t\t\t\t\t\t\t<\/div>\n\t\t\t\t\t\t<\/div>\n\t\t\t\t\t\t\t\t\t<\/div>\n\t\t<\/div>\n\t\t\t\t<\/div>\n\t\t\t\t<\/div>\n\t\t\t\t\t\t<\/div>\n\t\t\t\t\t<\/div>\n\t\t<\/div>\n\t\t\t\t<div class=\"elementor-column elementor-col-50 elementor-top-column elementor-element elementor-element-b56c2a0\" data-id=\"b56c2a0\" data-element_type=\"column\">\n\t\t\t<div class=\"elementor-column-wrap elementor-element-populated\">\n\t\t\t\t\t\t\t<div class=\"elementor-widget-wrap\">\n\t\t\t\t\t\t<div class=\"elementor-element elementor-element-6d77bae billey-team-member-style-03 elementor-widget elementor-widget-tm-team-member\" data-id=\"6d77bae\" data-element_type=\"widget\" data-widget_type=\"tm-team-member.default\">\n\t\t\t\t<div class=\"elementor-widget-container\">\n\t\t\t\t\t<div class=\"tm-team-member billey-box\">\n\n\t\t\t<div class=\"item\">\n\t\t\t\t\t\t\t\t\t\n\t\t\t\t\t<div class=\"photo billey-image\">\n\t\t\t\t\t\t<img  src=\"https:\/\/sunflower.agency\/wp-content\/uploads\/2020\/04\/domi-round-768x746.png\" alt=\"domi round\" \/>\n\t\t\t\t\t\t<div class=\"overlay\"><\/div>\n\n\t\t\t\t\t\t\t\t\t\t\t\t\t\t\t\t\t\t\t\t\t\t\t\t<\/div>\n\n\t\t\t\t\t<div class=\"info\">\n\t\t\t\t\t\t\n\t\t\t\t\t\t\t\t\t\t\t\t\t\n\t\t\t\t\t\t\t\t\t<div class=\"name-wrap\">\n\t\t\t<h3 class=\"name\">\n\t\t\t\tDomi\t\t\t<\/h3>\n\t\t<\/div>\n\t\t\t\t\t\t\t\t\n\t\t\t\t\t\t\t\t\t\t\t<\/div>\n\t\t\t\t\t\t\t<\/div>\n\t\t<\/div>\n\t\t\t\t<\/div>\n\t\t\t\t<\/div>\n\t\t\t\t\t\t<\/div>\n\t\t\t\t\t<\/div>\n\t\t<\/div>\n\t\t\t\t\t\t\t\t<\/div>\n\t\t\t\t\t<\/div>\n\t\t<\/section>\n\t\t\t\t<section class=\"elementor-section elementor-top-section elementor-element elementor-element-886b095 elementor-section-boxed elementor-section-gap-beside-yes elementor-section-height-default elementor-section-height-default elementor-section-column-vertical-align-stretch\" data-id=\"886b095\" data-element_type=\"section\">\n\t\t\t\t\t\t<div class=\"elementor-container elementor-column-gap-extended\">\n\t\t\t\t\t\t\t<div class=\"elementor-row\">\n\t\t\t\t\t<div class=\"elementor-column elementor-col-50 elementor-top-column elementor-element elementor-element-11065af\" data-id=\"11065af\" data-element_type=\"column\">\n\t\t\t<div class=\"elementor-column-wrap elementor-element-populated\">\n\t\t\t\t\t\t\t<div class=\"elementor-widget-wrap\">\n\t\t\t\t\t\t<div class=\"elementor-element elementor-element-f157d12 billey-team-member-style-03 elementor-widget elementor-widget-tm-team-member\" data-id=\"f157d12\" data-element_type=\"widget\" data-widget_type=\"tm-team-member.default\">\n\t\t\t\t<div class=\"elementor-widget-container\">\n\t\t\t\t\t<div class=\"tm-team-member billey-box\">\n\n\t\t\t<div class=\"item\">\n\t\t\t\t\t\t\t\t\t\n\t\t\t\t\t<div class=\"photo billey-image\">\n\t\t\t\t\t\t<img  src=\"https:\/\/sunflower.agency\/wp-content\/uploads\/2020\/03\/doris-ruond-768x773.png\" alt=\"doris ruond\" \/>\n\t\t\t\t\t\t<div class=\"overlay\"><\/div>\n\n\t\t\t\t\t\t\t\t\t\t\t\t\t\t\t\t\t\t\t\t\t\t\t\t<\/div>\n\n\t\t\t\t\t<div class=\"info\">\n\t\t\t\t\t\t\n\t\t\t\t\t\t\t\t\t\t\t\t\t\n\t\t\t\t\t\t\t\t\t<div class=\"name-wrap\">\n\t\t\t<h3 class=\"name\">\n\t\t\t\tDoris\t\t\t<\/h3>\n\t\t<\/div>\n\t\t\t\t\t\t\t\t\n\t\t\t\t\t\t\t\t\t\t\t<\/div>\n\t\t\t\t\t\t\t<\/div>\n\t\t<\/div>\n\t\t\t\t<\/div>\n\t\t\t\t<\/div>\n\t\t\t\t\t\t<\/div>\n\t\t\t\t\t<\/div>\n\t\t<\/div>\n\t\t\t\t<div class=\"elementor-column elementor-col-50 elementor-top-column elementor-element elementor-element-04b538e\" data-id=\"04b538e\" data-element_type=\"column\">\n\t\t\t<div class=\"elementor-column-wrap elementor-element-populated\">\n\t\t\t\t\t\t\t<div class=\"elementor-widget-wrap\">\n\t\t\t\t\t\t<div class=\"elementor-element elementor-element-60e375f elementor-widget elementor-widget-tm-image-layers\" data-id=\"60e375f\" data-element_type=\"widget\" data-widget_type=\"tm-image-layers.default\">\n\t\t\t\t<div class=\"elementor-widget-container\">\n\t\t\t\t\t<div class=\"artboard\">\n\t\t\t<div class=\"layers-wrapper\">\n\t\t\t\t\t\t\t\t\t\t<div class=\"layer elementor-repeater-item-d2fd5dd\" style=\"z-index: 1\">\n\t\t\t\t\t\t\t<div class=\"layer-content layer-loop loop-move-vertical\">\n\t\t\t\t\t\t\t\t<img  src=\"https:\/\/sunflower.agency\/wp-content\/uploads\/2020\/03\/Pink-E-5-150x150.png\" alt=\"Pink E 5\" \/>\t\t\t\t\t\t\t<\/div>\n\t\t\t\t\t\t<\/div>\n\t\t\t\t\t\t\t\t\t\t\t\t<div class=\"layer elementor-repeater-item-2d13dec\" style=\"z-index: 2\">\n\t\t\t\t\t\t\t<div class=\"layer-content layer-loop loop-move-horizontal\">\n\t\t\t\t\t\t\t\t<img  src=\"https:\/\/sunflower.agency\/wp-content\/uploads\/2020\/03\/Pink-E-3-150x150.png\" alt=\"Pink E 3\" \/>\t\t\t\t\t\t\t<\/div>\n\t\t\t\t\t\t<\/div>\n\t\t\t\t\t\t\t\t\t\t\t\t<div class=\"layer elementor-repeater-item-f92f514\" style=\"z-index: 3\">\n\t\t\t\t\t\t\t<div class=\"layer-content layer-loop loop-move-vertical\">\n\t\t\t\t\t\t\t\t<img  src=\"https:\/\/sunflower.agency\/wp-content\/uploads\/2020\/03\/Pink-E-2-150x150.png\" alt=\"Pink E 2\" \/>\t\t\t\t\t\t\t<\/div>\n\t\t\t\t\t\t<\/div>\n\t\t\t\t\t\t\t\t\t\t\t\t<div class=\"layer elementor-repeater-item-435dfeb\" style=\"z-index: 4\">\n\t\t\t\t\t\t\t<div class=\"layer-content\">\n\t\t\t\t\t\t\t\t<img  src=\"https:\/\/sunflower.agency\/wp-content\/uploads\/2020\/03\/doris.png\" alt=\"doris\" \/>\t\t\t\t\t\t\t<\/div>\n\t\t\t\t\t\t<\/div>\n\t\t\t\t\t\t\t\t\t<\/div>\n\t\t<\/div>\n\t\t\t\t<\/div>\n\t\t\t\t<\/div>\n\t\t\t\t\t\t<\/div>\n\t\t\t\t\t<\/div>\n\t\t<\/div>\n\t\t\t\t\t\t\t\t<\/div>\n\t\t\t\t\t<\/div>\n\t\t<\/section>\n\t\t\t\t<section class=\"elementor-section elementor-top-section elementor-element elementor-element-79af4a4 elementor-section-boxed elementor-section-gap-beside-yes elementor-section-height-default elementor-section-height-default elementor-section-column-vertical-align-stretch\" data-id=\"79af4a4\" data-element_type=\"section\">\n\t\t\t\t\t\t<div class=\"elementor-container elementor-column-gap-extended\">\n\t\t\t\t\t\t\t<div class=\"elementor-row\">\n\t\t\t\t\t<div class=\"elementor-column elementor-col-100 elementor-top-column elementor-element elementor-element-e9471fa\" data-id=\"e9471fa\" data-element_type=\"column\">\n\t\t\t<div class=\"elementor-column-wrap elementor-element-populated\">\n\t\t\t\t\t\t\t<div class=\"elementor-widget-wrap\">\n\t\t\t\t\t\t<div class=\"elementor-element elementor-element-b1a383c elementor-widget elementor-widget-spacer\" data-id=\"b1a383c\" data-element_type=\"widget\" data-widget_type=\"spacer.default\">\n\t\t\t\t<div class=\"elementor-widget-container\">\n\t\t\t\t\t<div class=\"elementor-spacer\">\n\t\t\t<div class=\"elementor-spacer-inner\"><\/div>\n\t\t<\/div>\n\t\t\t\t<\/div>\n\t\t\t\t<\/div>\n\t\t\t\t<div class=\"elementor-element elementor-element-dfffea9 elementor-widget elementor-widget-image\" data-id=\"dfffea9\" data-element_type=\"widget\" data-widget_type=\"image.default\">\n\t\t\t\t<div class=\"elementor-widget-container\">\n\t\t\t\t\t\t\t\t<div class=\"elementor-image\">\n\t\t\t\t\t\t\t\t\t\t\t\t<img width=\"1440\" height=\"1018\" src=\"https:\/\/sunflower.agency\/wp-content\/uploads\/2020\/04\/doris-domi-2-1.jpg\" class=\"attachment-full size-full\" alt=\"\" loading=\"lazy\" srcset=\"https:\/\/sunflower.agency\/wp-content\/uploads\/2020\/04\/doris-domi-2-1.jpg 1440w, https:\/\/sunflower.agency\/wp-content\/uploads\/2020\/04\/doris-domi-2-1-300x212.jpg 300w, https:\/\/sunflower.agency\/wp-content\/uploads\/2020\/04\/doris-domi-2-1-1024x724.jpg 1024w, https:\/\/sunflower.agency\/wp-content\/uploads\/2020\/04\/doris-domi-2-1-768x543.jpg 768w\" sizes=\"(max-width: 1440px) 100vw, 1440px\" \/>\t\t\t\t\t\t\t\t\t\t\t\t\t\t<\/div>\n\t\t\t\t\t\t<\/div>\n\t\t\t\t<\/div>\n\t\t\t\t\t\t<\/div>\n\t\t\t\t\t<\/div>\n\t\t<\/div>\n\t\t\t\t\t\t\t\t<\/div>\n\t\t\t\t\t<\/div>\n\t\t<\/section>\n\t\t\t\t<section class=\"elementor-section elementor-top-section elementor-element elementor-element-5734843 elementor-section-boxed elementor-section-gap-beside-yes elementor-section-height-default elementor-section-height-default elementor-section-column-vertical-align-stretch\" data-id=\"5734843\" data-element_type=\"section\">\n\t\t\t\t\t\t<div class=\"elementor-container elementor-column-gap-extended\">\n\t\t\t\t\t\t\t<div class=\"elementor-row\">\n\t\t\t\t\t<div class=\"elementor-column elementor-col-100 elementor-top-column elementor-element elementor-element-b2ff28e\" data-id=\"b2ff28e\" data-element_type=\"column\">\n\t\t\t<div class=\"elementor-column-wrap elementor-element-populated\">\n\t\t\t\t\t\t\t<div class=\"elementor-widget-wrap\">\n\t\t\t\t\t\t<div class=\"elementor-element elementor-element-1f15a9f elementor-widget elementor-widget-spacer\" data-id=\"1f15a9f\" data-element_type=\"widget\" data-widget_type=\"spacer.default\">\n\t\t\t\t<div class=\"elementor-widget-container\">\n\t\t\t\t\t<div class=\"elementor-spacer\">\n\t\t\t<div class=\"elementor-spacer-inner\"><\/div>\n\t\t<\/div>\n\t\t\t\t<\/div>\n\t\t\t\t<\/div>\n\t\t\t\t\t\t<\/div>\n\t\t\t\t\t<\/div>\n\t\t<\/div>\n\t\t\t\t\t\t\t\t<\/div>\n\t\t\t\t\t<\/div>\n\t\t<\/section>\n\t\t\t\t\t\t<\/div>\n\t\t\t\t\t\t<\/div>\n\t\t\t\t\t<\/div>\n\t\t","protected":false},"excerpt":{"rendered":"<p>Doris &amp; Domi Autoportret po\u0142\u0105czony z portretem bratowej. Narysowa\u0142am go na tablecie&nbsp;graficznym, w trakcie bardzo&nbsp;deszczowego&nbsp;dnia. Postacie u\u017cywane s\u0105 jako awatary na kilku stronach i portalach internetowych. Domi Doris<\/p>\n","protected":false},"author":1,"featured_media":5489,"parent":5617,"menu_order":0,"comment_status":"closed","ping_status":"closed","template":"","meta":{"_themeisle_gutenberg_block_has_review":false},"_links":{"self":[{"href":"https:\/\/sunflower.agency\/pl\/wp-json\/wp\/v2\/pages\/5468"}],"collection":[{"href":"https:\/\/sunflower.agency\/pl\/wp-json\/wp\/v2\/pages"}],"about":[{"href":"https:\/\/sunflower.agency\/pl\/wp-json\/wp\/v2\/types\/page"}],"author":[{"embeddable":true,"href":"https:\/\/sunflower.agency\/pl\/wp-json\/wp\/v2\/users\/1"}],"replies":[{"embeddable":true,"href":"https:\/\/sunflower.agency\/pl\/wp-json\/wp\/v2\/comments?post=5468"}],"version-history":[{"count":0,"href":"https:\/\/sunflower.agency\/pl\/wp-json\/wp\/v2\/pages\/5468\/revisions"}],"up":[{"embeddable":true,"href":"https:\/\/sunflower.agency\/pl\/wp-json\/wp\/v2\/pages\/5617"}],"wp:featuredmedia":[{"embeddable":true,"href":"https:\/\/sunflower.agency\/pl\/wp-json\/wp\/v2\/media\/5489"}],"wp:attachment":[{"href":"https:\/\/sunflower.agency\/pl\/wp-json\/wp\/v2\/media?parent=5468"}],"curies":[{"name":"wp","href":"https:\/\/api.w.org\/{rel}","templated":true}]}}