{"id":5585,"date":"2020-03-11T19:23:39","date_gmt":"2020-03-11T18:23:39","guid":{"rendered":"https:\/\/sunflower.agency\/about-us\/"},"modified":"2020-05-01T17:38:01","modified_gmt":"2020-05-01T15:38:01","slug":"about-us","status":"publish","type":"page","link":"https:\/\/sunflower.agency\/pl\/about-us\/","title":{"rendered":"O mnie"},"content":{"rendered":"\t\t<div data-elementor-type=\"wp-page\" data-elementor-id=\"5585\" class=\"elementor elementor-5585\" data-elementor-settings=\"[]\">\n\t\t\t\t\t\t<div class=\"elementor-inner\">\n\t\t\t\t\t\t\t<div class=\"elementor-section-wrap\">\n\t\t\t\t\t\t\t<section class=\"elementor-section elementor-top-section elementor-element elementor-element-934924c elementor-section-boxed elementor-section-gap-beside-yes elementor-section-height-default elementor-section-height-default elementor-section-column-vertical-align-stretch\" data-id=\"934924c\" data-element_type=\"section\">\n\t\t\t\t\t\t<div class=\"elementor-container elementor-column-gap-extended\">\n\t\t\t\t\t\t\t<div class=\"elementor-row\">\n\t\t\t\t\t<div class=\"elementor-column elementor-col-50 elementor-top-column elementor-element elementor-element-9794f61\" data-id=\"9794f61\" data-element_type=\"column\">\n\t\t\t<div class=\"elementor-column-wrap elementor-element-populated\">\n\t\t\t\t\t\t\t<div class=\"elementor-widget-wrap\">\n\t\t\t\t\t\t<div class=\"elementor-element elementor-element-7ef97f6 elementor-widget elementor-widget-heading\" data-id=\"7ef97f6\" data-element_type=\"widget\" data-widget_type=\"heading.default\">\n\t\t\t\t<div class=\"elementor-widget-container\">\n\t\t\t<h2 class=\"elementor-heading-title elementor-size-default\">O Sunflower agency<\/h2>\t\t<\/div>\n\t\t\t\t<\/div>\n\t\t\t\t<div class=\"elementor-element elementor-element-cfa86cb elementor-widget elementor-widget-spacer\" data-id=\"cfa86cb\" data-element_type=\"widget\" data-widget_type=\"spacer.default\">\n\t\t\t\t<div class=\"elementor-widget-container\">\n\t\t\t\t\t<div class=\"elementor-spacer\">\n\t\t\t<div class=\"elementor-spacer-inner\"><\/div>\n\t\t<\/div>\n\t\t\t\t<\/div>\n\t\t\t\t<\/div>\n\t\t\t\t<div class=\"elementor-element elementor-element-a1799af elementor-widget elementor-widget-text-editor\" data-id=\"a1799af\" data-element_type=\"widget\" data-widget_type=\"text-editor.default\">\n\t\t\t\t<div class=\"elementor-widget-container\">\n\t\t\t\t\t\t\t\t<div class=\"elementor-text-editor elementor-clearfix\">\n\t\t\t\t<p><strong>Agencja zajmuje si\u0119 tworzeniem grafik i ilustracji.<\/strong><\/p><p>Jestem podr\u00f3\u017cnikiem, mieszka\u0142am i pracowa\u0142am w kilku krajach, dlatego moj\u0105 etyk\u0119 pracy opieram na polskiej determinacji, hiszpa\u0144skiej rado\u015bci i niemieckiej precyzji.<\/p><p><iframe class=\"ginger-extension-definitionpopup\" style=\"left: 147px; top: 67px; z-index: 220000001; display: none;\" src=\"chrome-extension:\/\/kdfieneakcjfaiglcfcgkidlkmlijjnh\/content\/popups\/definitionPopup\/index.html?title=i&amp;description=refers%20to%20the%20speaker%20or%20writer\"><\/iframe><\/p>\t\t\t\t\t<\/div>\n\t\t\t\t\t\t<\/div>\n\t\t\t\t<\/div>\n\t\t\t\t<div class=\"elementor-element elementor-element-853270c elementor-widget elementor-widget-spacer\" data-id=\"853270c\" data-element_type=\"widget\" data-widget_type=\"spacer.default\">\n\t\t\t\t<div class=\"elementor-widget-container\">\n\t\t\t\t\t<div class=\"elementor-spacer\">\n\t\t\t<div class=\"elementor-spacer-inner\"><\/div>\n\t\t<\/div>\n\t\t\t\t<\/div>\n\t\t\t\t<\/div>\n\t\t\t\t<div class=\"elementor-element elementor-element-582824f elementor-widget elementor-widget-image\" data-id=\"582824f\" data-element_type=\"widget\" data-widget_type=\"image.default\">\n\t\t\t\t<div class=\"elementor-widget-container\">\n\t\t\t\t\t\t\t\t<div class=\"elementor-image\">\n\t\t\t\t\t\t\t\t\t\t\t\t<img width=\"2560\" height=\"1440\" src=\"https:\/\/sunflower.agency\/wp-content\/uploads\/2020\/03\/409685-PD1QQZ-361-scaled.jpg\" class=\"elementor-animation-grow attachment-full size-full\" alt=\"\" loading=\"lazy\" srcset=\"https:\/\/sunflower.agency\/wp-content\/uploads\/2020\/03\/409685-PD1QQZ-361-scaled.jpg 2560w, https:\/\/sunflower.agency\/wp-content\/uploads\/2020\/03\/409685-PD1QQZ-361-300x169.jpg 300w, https:\/\/sunflower.agency\/wp-content\/uploads\/2020\/03\/409685-PD1QQZ-361-1024x576.jpg 1024w, https:\/\/sunflower.agency\/wp-content\/uploads\/2020\/03\/409685-PD1QQZ-361-768x432.jpg 768w, https:\/\/sunflower.agency\/wp-content\/uploads\/2020\/03\/409685-PD1QQZ-361-1536x864.jpg 1536w, https:\/\/sunflower.agency\/wp-content\/uploads\/2020\/03\/409685-PD1QQZ-361-2048x1152.jpg 2048w\" sizes=\"(max-width: 2560px) 100vw, 2560px\" \/>\t\t\t\t\t\t\t\t\t\t\t\t\t\t<\/div>\n\t\t\t\t\t\t<\/div>\n\t\t\t\t<\/div>\n\t\t\t\t\t\t<\/div>\n\t\t\t\t\t<\/div>\n\t\t<\/div>\n\t\t\t\t<div class=\"elementor-column elementor-col-50 elementor-top-column elementor-element elementor-element-4d96678\" data-id=\"4d96678\" data-element_type=\"column\">\n\t\t\t<div class=\"elementor-column-wrap elementor-element-populated\">\n\t\t\t\t\t\t\t<div class=\"elementor-widget-wrap\">\n\t\t\t\t\t\t<div class=\"elementor-element elementor-element-58b4c25 elementor-widget elementor-widget-image\" data-id=\"58b4c25\" data-element_type=\"widget\" data-widget_type=\"image.default\">\n\t\t\t\t<div class=\"elementor-widget-container\">\n\t\t\t\t\t\t\t\t<div class=\"elementor-image\">\n\t\t\t\t\t\t\t\t\t\t\t\t<img width=\"2560\" height=\"2560\" src=\"https:\/\/sunflower.agency\/wp-content\/uploads\/2020\/03\/408162-PD1D3M-723-scaled.jpg\" class=\"elementor-animation-grow attachment-full size-full\" alt=\"\" loading=\"lazy\" srcset=\"https:\/\/sunflower.agency\/wp-content\/uploads\/2020\/03\/408162-PD1D3M-723-scaled.jpg 2560w, https:\/\/sunflower.agency\/wp-content\/uploads\/2020\/03\/408162-PD1D3M-723-300x300.jpg 300w, https:\/\/sunflower.agency\/wp-content\/uploads\/2020\/03\/408162-PD1D3M-723-1024x1024.jpg 1024w, https:\/\/sunflower.agency\/wp-content\/uploads\/2020\/03\/408162-PD1D3M-723-150x150.jpg 150w, https:\/\/sunflower.agency\/wp-content\/uploads\/2020\/03\/408162-PD1D3M-723-768x768.jpg 768w, https:\/\/sunflower.agency\/wp-content\/uploads\/2020\/03\/408162-PD1D3M-723-1536x1536.jpg 1536w, https:\/\/sunflower.agency\/wp-content\/uploads\/2020\/03\/408162-PD1D3M-723-2048x2048.jpg 2048w\" sizes=\"(max-width: 2560px) 100vw, 2560px\" \/>\t\t\t\t\t\t\t\t\t\t\t\t\t\t<\/div>\n\t\t\t\t\t\t<\/div>\n\t\t\t\t<\/div>\n\t\t\t\t<div class=\"elementor-element elementor-element-59eccf0 elementor-widget elementor-widget-spacer\" data-id=\"59eccf0\" data-element_type=\"widget\" data-widget_type=\"spacer.default\">\n\t\t\t\t<div class=\"elementor-widget-container\">\n\t\t\t\t\t<div class=\"elementor-spacer\">\n\t\t\t<div class=\"elementor-spacer-inner\"><\/div>\n\t\t<\/div>\n\t\t\t\t<\/div>\n\t\t\t\t<\/div>\n\t\t\t\t<div class=\"elementor-element elementor-element-07c927d elementor-widget elementor-widget-text-editor\" data-id=\"07c927d\" data-element_type=\"widget\" data-widget_type=\"text-editor.default\">\n\t\t\t\t<div class=\"elementor-widget-container\">\n\t\t\t\t\t\t\t\t<div class=\"elementor-text-editor elementor-clearfix\">\n\t\t\t\t<p>Ceni\u0119 wolno\u015b\u0107 i niezale\u017cno\u015b\u0107, dlatego otworzy\u0142am w\u0142asn\u0105 agencj\u0119.<\/p><p>Jest to miejsce, w kt\u00f3rym mo\u017cesz zobaczy\u0107 moje dzie\u0142a i podej\u015bcie do \u017cycia. Je\u015bli odnajdujesz w tym co\u015b warto\u015bciowego, zapraszam ci\u0119 do wsp\u00f3\u0142pracy.<\/p><p>\u00a0<\/p>\t\t\t\t\t<\/div>\n\t\t\t\t\t\t<\/div>\n\t\t\t\t<\/div>\n\t\t\t\t\t\t<\/div>\n\t\t\t\t\t<\/div>\n\t\t<\/div>\n\t\t\t\t\t\t\t\t<\/div>\n\t\t\t\t\t<\/div>\n\t\t<\/section>\n\t\t\t\t<section class=\"elementor-section elementor-top-section elementor-element elementor-element-3b380acd elementor-section-content-middle elementor-section-boxed elementor-section-height-default elementor-section-height-default elementor-section-column-vertical-align-stretch\" data-id=\"3b380acd\" data-element_type=\"section\" data-settings=\"{&quot;background_background&quot;:&quot;classic&quot;}\">\n\t\t\t\t\t\t<div class=\"elementor-container elementor-column-gap-no\">\n\t\t\t\t\t\t\t<div class=\"elementor-row\">\n\t\t\t\t\t<div class=\"elementor-column elementor-col-33 elementor-top-column elementor-element elementor-element-2b9551b7\" data-id=\"2b9551b7\" data-element_type=\"column\">\n\t\t\t<div class=\"elementor-column-wrap elementor-element-populated\">\n\t\t\t\t\t\t\t<div class=\"elementor-widget-wrap\">\n\t\t\t\t\t\t<div class=\"elementor-element elementor-element-f15c361 elementor-widget elementor-widget-heading\" data-id=\"f15c361\" data-element_type=\"widget\" data-widget_type=\"heading.default\">\n\t\t\t\t<div class=\"elementor-widget-container\">\n\t\t\t<h4 class=\"elementor-heading-title elementor-size-default\">O mnie<gwmw style=\"display:none;\"><\/gwmw><gwmw style=\"display:none;\"><\/gwmw><gwmw style=\"display:none;\"><\/gwmw><\/h4>\t\t<\/div>\n\t\t\t\t<\/div>\n\t\t\t\t<div class=\"elementor-element elementor-element-dff7f4f elementor-widget elementor-widget-text-editor\" data-id=\"dff7f4f\" data-element_type=\"widget\" data-widget_type=\"text-editor.default\">\n\t\t\t\t<div class=\"elementor-widget-container\">\n\t\t\t\t\t\t\t\t<div class=\"elementor-text-editor elementor-clearfix\">\n\t\t\t\t<p>Cze\u015b\u0107, mam na imi\u0119 Dominika.<\/p><p>Jestem artyst\u0105, podr\u00f3\u017cnikiem i nauczycielem angielskiego.<\/p><p>Uwielbiam \u017cy\u0107 i uwielbiam tworzy\u0107.<\/p>\t\t\t\t\t<\/div>\n\t\t\t\t\t\t<\/div>\n\t\t\t\t<\/div>\n\t\t\t\t<div class=\"elementor-element elementor-element-96ab521 elementor-widget elementor-widget-image\" data-id=\"96ab521\" data-element_type=\"widget\" data-widget_type=\"image.default\">\n\t\t\t\t<div class=\"elementor-widget-container\">\n\t\t\t\t\t\t\t\t<div class=\"elementor-image\">\n\t\t\t\t\t\t\t\t\t\t\t\t<img width=\"400\" height=\"400\" src=\"https:\/\/sunflower.agency\/wp-content\/uploads\/2020\/03\/to-wallapop.jpg\" class=\"elementor-animation-grow attachment-large size-large\" alt=\"\" loading=\"lazy\" srcset=\"https:\/\/sunflower.agency\/wp-content\/uploads\/2020\/03\/to-wallapop.jpg 400w, https:\/\/sunflower.agency\/wp-content\/uploads\/2020\/03\/to-wallapop-300x300.jpg 300w, https:\/\/sunflower.agency\/wp-content\/uploads\/2020\/03\/to-wallapop-150x150.jpg 150w\" sizes=\"(max-width: 400px) 100vw, 400px\" \/>\t\t\t\t\t\t\t\t\t\t\t\t\t\t<\/div>\n\t\t\t\t\t\t<\/div>\n\t\t\t\t<\/div>\n\t\t\t\t\t\t<\/div>\n\t\t\t\t\t<\/div>\n\t\t<\/div>\n\t\t\t\t<div class=\"elementor-column elementor-col-33 elementor-top-column elementor-element elementor-element-1d6c378d\" data-id=\"1d6c378d\" data-element_type=\"column\">\n\t\t\t<div class=\"elementor-column-wrap elementor-element-populated\">\n\t\t\t\t\t\t\t<div class=\"elementor-widget-wrap\">\n\t\t\t\t\t\t<div class=\"elementor-element elementor-element-67384347 elementor-widget elementor-widget-image\" data-id=\"67384347\" data-element_type=\"widget\" data-widget_type=\"image.default\">\n\t\t\t\t<div class=\"elementor-widget-container\">\n\t\t\t\t\t\t\t\t<div class=\"elementor-image\">\n\t\t\t\t\t\t\t\t\t\t\t\t<img width=\"640\" height=\"858\" src=\"https:\/\/sunflower.agency\/wp-content\/uploads\/2020\/03\/mee-1-768x1030.jpg\" class=\"elementor-animation-grow attachment-medium_large size-medium_large\" alt=\"\" loading=\"lazy\" srcset=\"https:\/\/sunflower.agency\/wp-content\/uploads\/2020\/03\/mee-1-768x1030.jpg 768w, https:\/\/sunflower.agency\/wp-content\/uploads\/2020\/03\/mee-1-224x300.jpg 224w, https:\/\/sunflower.agency\/wp-content\/uploads\/2020\/03\/mee-1-764x1024.jpg 764w, https:\/\/sunflower.agency\/wp-content\/uploads\/2020\/03\/mee-1-1145x1536.jpg 1145w, https:\/\/sunflower.agency\/wp-content\/uploads\/2020\/03\/mee-1-1527x2048.jpg 1527w, https:\/\/sunflower.agency\/wp-content\/uploads\/2020\/03\/mee-1-scaled.jpg 1909w\" sizes=\"(max-width: 640px) 100vw, 640px\" \/>\t\t\t\t\t\t\t\t\t\t\t\t\t\t<\/div>\n\t\t\t\t\t\t<\/div>\n\t\t\t\t<\/div>\n\t\t\t\t<div class=\"elementor-element elementor-element-3bafaf54 elementor-widget elementor-widget-text-editor\" data-id=\"3bafaf54\" data-element_type=\"widget\" data-widget_type=\"text-editor.default\">\n\t\t\t\t<div class=\"elementor-widget-container\">\n\t\t\t\t\t\t\t\t<div class=\"elementor-text-editor elementor-clearfix\">\n\t\t\t\t<p>Lubi\u0119 ludzi.<\/p><p>Lubi\u0119 pracowa\u0107.<\/p><p>Jestem szcz\u0119\u015bliwa.<\/p><p>Nie boj\u0119 si\u0119 wyzwa\u0144.<\/p><p>\u00a0<\/p>\t\t\t\t\t<\/div>\n\t\t\t\t\t\t<\/div>\n\t\t\t\t<\/div>\n\t\t\t\t\t\t<\/div>\n\t\t\t\t\t<\/div>\n\t\t<\/div>\n\t\t\t\t<div class=\"elementor-column elementor-col-33 elementor-top-column elementor-element elementor-element-21dcf58c\" data-id=\"21dcf58c\" data-element_type=\"column\">\n\t\t\t<div class=\"elementor-column-wrap elementor-element-populated\">\n\t\t\t\t\t\t\t<div class=\"elementor-widget-wrap\">\n\t\t\t\t\t\t<div class=\"elementor-element elementor-element-91fdf52 elementor-widget elementor-widget-image\" data-id=\"91fdf52\" data-element_type=\"widget\" data-widget_type=\"image.default\">\n\t\t\t\t<div class=\"elementor-widget-container\">\n\t\t\t\t\t\t\t\t<div class=\"elementor-image\">\n\t\t\t\t\t\t\t\t\t\t\t\t<img width=\"1920\" height=\"1080\" src=\"https:\/\/sunflower.agency\/wp-content\/uploads\/2020\/03\/ja-02.jpg\" class=\"elementor-animation-grow attachment-full size-full\" alt=\"\" loading=\"lazy\" srcset=\"https:\/\/sunflower.agency\/wp-content\/uploads\/2020\/03\/ja-02.jpg 1920w, https:\/\/sunflower.agency\/wp-content\/uploads\/2020\/03\/ja-02-300x169.jpg 300w, https:\/\/sunflower.agency\/wp-content\/uploads\/2020\/03\/ja-02-1024x576.jpg 1024w, https:\/\/sunflower.agency\/wp-content\/uploads\/2020\/03\/ja-02-768x432.jpg 768w, https:\/\/sunflower.agency\/wp-content\/uploads\/2020\/03\/ja-02-1536x864.jpg 1536w\" sizes=\"(max-width: 1920px) 100vw, 1920px\" \/>\t\t\t\t\t\t\t\t\t\t\t\t\t\t<\/div>\n\t\t\t\t\t\t<\/div>\n\t\t\t\t<\/div>\n\t\t\t\t<div class=\"elementor-element elementor-element-26e8a39 elementor-widget elementor-widget-text-editor\" data-id=\"26e8a39\" data-element_type=\"widget\" data-widget_type=\"text-editor.default\">\n\t\t\t\t<div class=\"elementor-widget-container\">\n\t\t\t\t\t\t\t\t<div class=\"elementor-text-editor elementor-clearfix\">\n\t\t\t\t<p>W projektach moj\u0105 g\u0142\u00f3wn\u0105 inspiracj\u0105 s\u0105 dzieci. Ich wolno\u015b\u0107, ciekawo\u015b\u0107, rado\u015b\u0107 i odwaga.<\/p><p>Bez tych cech, \u015bwiat sta\u0142by w miejscu.<\/p><p>\u00a0<\/p>\t\t\t\t\t<\/div>\n\t\t\t\t\t\t<\/div>\n\t\t\t\t<\/div>\n\t\t\t\t\t\t<\/div>\n\t\t\t\t\t<\/div>\n\t\t<\/div>\n\t\t\t\t\t\t\t\t<\/div>\n\t\t\t\t\t<\/div>\n\t\t<\/section>\n\t\t\t\t\t\t<\/div>\n\t\t\t\t\t\t<\/div>\n\t\t\t\t\t<\/div>\n\t\t","protected":false},"excerpt":{"rendered":"<p>O Sunflower agency Agencja zajmuje si\u0119 tworzeniem grafik i ilustracji. Jestem podr\u00f3\u017cnikiem, mieszka\u0142am i pracowa\u0142am w kilku krajach, dlatego moj\u0105 etyk\u0119 pracy opieram na polskiej determinacji, hiszpa\u0144skiej rado\u015bci i niemieckiej precyzji. Ceni\u0119 wolno\u015b\u0107 i niezale\u017cno\u015b\u0107, dlatego otworzy\u0142am w\u0142asn\u0105 agencj\u0119. Jest to miejsce, w kt\u00f3rym mo\u017cesz zobaczy\u0107 moje dzie\u0142a i podej\u015bcie do \u017cycia. Je\u015bli odnajdujesz w tym co\u015b warto\u015bciowego, zapraszam ci\u0119 do wsp\u00f3\u0142pracy. \u00a0 O mnie Cze\u015b\u0107, mam na imi\u0119 Dominika. Jestem artyst\u0105, podr\u00f3\u017cnikiem i nauczycielem angielskiego. Uwielbiam \u017cy\u0107 i uwielbiam tworzy\u0107. Lubi\u0119 ludzi. Lubi\u0119 pracowa\u0107. Jestem szcz\u0119\u015bliwa. Nie boj\u0119 si\u0119 wyzwa\u0144. \u00a0 W projektach moj\u0105 g\u0142\u00f3wn\u0105 inspiracj\u0105 s\u0105 dzieci. Ich wolno\u015b\u0107, ciekawo\u015b\u0107, rado\u015b\u0107 i odwaga. Bez tych cech, \u015bwiat sta\u0142by w miejscu. \u00a0<\/p>\n","protected":false},"author":1,"featured_media":0,"parent":0,"menu_order":0,"comment_status":"closed","ping_status":"closed","template":"","meta":{"_themeisle_gutenberg_block_has_review":false},"_links":{"self":[{"href":"https:\/\/sunflower.agency\/pl\/wp-json\/wp\/v2\/pages\/5585"}],"collection":[{"href":"https:\/\/sunflower.agency\/pl\/wp-json\/wp\/v2\/pages"}],"about":[{"href":"https:\/\/sunflower.agency\/pl\/wp-json\/wp\/v2\/types\/page"}],"author":[{"embeddable":true,"href":"https:\/\/sunflower.agency\/pl\/wp-json\/wp\/v2\/users\/1"}],"replies":[{"embeddable":true,"href":"https:\/\/sunflower.agency\/pl\/wp-json\/wp\/v2\/comments?post=5585"}],"version-history":[{"count":0,"href":"https:\/\/sunflower.agency\/pl\/wp-json\/wp\/v2\/pages\/5585\/revisions"}],"wp:attachment":[{"href":"https:\/\/sunflower.agency\/pl\/wp-json\/wp\/v2\/media?parent=5585"}],"curies":[{"name":"wp","href":"https:\/\/api.w.org\/{rel}","templated":true}]}}